{"id":892,"date":"2017-05-27T11:06:36","date_gmt":"2017-05-27T11:06:36","guid":{"rendered":"https:\/\/dahss.iarthislab.eu\/2024\/?page_id=892\/"},"modified":"2024-08-30T09:15:23","modified_gmt":"2024-08-30T09:15:23","slug":"participants","status":"publish","type":"page","link":"https:\/\/dahss.iarthislab.eu\/2024\/participants\/","title":{"rendered":"Participants"},"content":{"rendered":"<div id='av_section_1'  class='avia-section av-39r9cc-b4ac50070ded1e1dbc91d75080f7355d main_color avia-section-large avia-no-border-styling  avia-builder-el-0  el_before_av_section  avia-builder-el-first  avia-bg-style-scroll av-minimum-height av-minimum-height-50 av-height-50  container_wrap fullsize'   data-av_minimum_height_pc='50' data-av_min_height_opt='50'><div class='container av-section-cont-open' ><main  role=\"main\" itemprop=\"mainContentOfPage\"  class='template-page content  av-content-full alpha units'><div class='post-entry post-entry-type-page post-entry-892'><div class='entry-content-wrapper clearfix'>\n<div  class='flex_column av-33thcs-ac71db2b15f06f3c58dd568330f4592c av_one_fifth  avia-builder-el-1  el_before_av_three_fifth  avia-builder-el-first  first flex_column_div  '     ><\/div>\n<style type=\"text\/css\" data-created_by=\"avia_inline_auto\" id=\"style-css-av-aoa0s-781d01223ea2c240da852edd076fa4e1\">\n.flex_column.av-aoa0s-781d01223ea2c240da852edd076fa4e1{\nborder-radius:0px 0px 0px 0px;\npadding:0px 0px 0px 0px;\n}\n<\/style>\n<div  class='flex_column av-aoa0s-781d01223ea2c240da852edd076fa4e1 av_three_fifth  avia-builder-el-2  el_after_av_one_fifth  el_before_av_one_fifth  flex_column_div av-zero-column-padding  '     ><section  class='av_textblock_section av-l6xzf1g5-485c7c870875b292e156ba0089ca83e2 '   itemscope=\"itemscope\" itemtype=\"https:\/\/schema.org\/CreativeWork\" ><div class='avia_textblock'  itemprop=\"text\" ><h2 style=\"text-align: center;\">DAHSS24 Participants<\/h2>\n<p>Adriana Janssens<br \/>\n<em>University of Malaga<\/em><\/p>\n<p>Alessia Silvi<br \/>\n<em>Sapienza University of Rome<\/em><\/p>\n<p>Ana Velhinho<br \/>\n<em>University of Aveiro<\/em><\/p>\n<p>Antonio Labella Mart\u00ednez<br \/>\n<em>Complutense University &amp; University of Malaga<\/em><\/p>\n<p>Caterina Corsi<br \/>\n<em>Independent Researcher<\/em><\/p>\n<p>Daniel Orizaga Doguim<br \/>\n<em>University of British Columbia<\/em><\/p>\n<p>David Wrisley<br \/>\n<em>NYU Abu Dhabi<\/em><\/p>\n<p>Fernando Mu\u00f1oz Mart\u00edn<br \/>\n<em>Independent Researcher<\/em><\/p>\n<p>Gabriela Manista<br \/>\n<em>Polish Academy of Science<\/em><\/p>\n<p>Giorgio Busi Rizzi<br \/>\n<em>Ghent University<\/em><\/p>\n<p>Javier Pantoja Museo<br \/>\n<em>Nacional del Prado \/ Pompeu Fabra University<\/em><\/p>\n<p>Lukas Pilka<br \/>\n<em>Academy of sciences of the Czech republic<\/em><\/p>\n<p>Marcela Isuster<br \/>\n<em>McGill University<\/em><\/p>\n<p>Marta \u015awietlik<br \/>\n<em>IBL PAN<\/em><\/p>\n<p>Melissa Diago<br \/>\n<em>Freepik<\/em><\/p>\n<p>Miguel Jes\u00fas S\u00e1ez Rodr\u00edguez<br \/>\n<em>University of Malaga<\/em><\/p>\n<p>Nelson Brito<br \/>\n<em>University of Coimbra<\/em><\/p>\n<p>Qiuzi Guo<br \/>\n<em>The Hong Kong University of Science and Technology<\/em><\/p>\n<p>Sami Itavuori<br \/>\n<em>London South Bank University (CSNI), Royal College of Art and Tate Gallery<\/em><\/p>\n<p>Sayan Bhattacharyya<br \/>\n<em>Yale University<\/em><\/p>\n<p>Sof\u00eda L\u00f3pez<br \/>\n<em>Freepik<\/em><\/p>\n<p>Susan Jarosi<br \/>\n<em>Hamilton College<\/em><\/p>\n<p>Tsz Kin (Raphael)<br \/>\n<em>Chau Swiss Federal Institute of Technology Lausanne<\/em><\/p>\n<p>V\u00edctor Manuel Ruiz Aguilar<br \/>\n<em>Independent Researcher<\/em><\/p>\n<\/div><\/section><\/div><div  class='flex_column av-33thcs-6-3c90d940c55621e5721637ff3a197b79 av_one_fifth  avia-builder-el-4  el_after_av_three_fifth  el_before_av_hr  flex_column_div  '     ><\/div>\n<style type=\"text\/css\" data-created_by=\"avia_inline_auto\" id=\"style-css-av-2c89yc-8e2d70bf78d1014f434f968c0d84657a\">\n#top .hr.av-2c89yc-8e2d70bf78d1014f434f968c0d84657a{\nmargin-top:50px;\nmargin-bottom:50px;\n}\n.hr.av-2c89yc-8e2d70bf78d1014f434f968c0d84657a .hr-inner{\nwidth:150px;\nborder-color:#0aac8e;\n}\n<\/style>\n<div  class='hr av-2c89yc-8e2d70bf78d1014f434f968c0d84657a hr-custom  avia-builder-el-5  el_after_av_one_fifth  avia-builder-el-last  hr-center hr-icon-no'><span class='hr-inner inner-border-av-border-fat'><span class=\"hr-inner-style\"><\/span><\/span><\/div>\n<\/div><\/div><\/main><!-- close content main element --><\/div><\/div>\n<style type=\"text\/css\" data-created_by=\"avia_inline_auto\" id=\"style-css-av-1isxd9-8d94debe34d621611fbbcd530a821e1d\">\n.avia-section.av-1isxd9-8d94debe34d621611fbbcd530a821e1d{\nbackground-repeat:no-repeat;\nbackground-image:url(https:\/\/dahss.iarthislab.eu\/2024\/wp-content\/uploads\/2015\/02\/bg-news-white-1400x650.jpg);\nbackground-position:50% 50%;\nbackground-attachment:scroll;\n}\n.avia-section.av-1isxd9-8d94debe34d621611fbbcd530a821e1d .av-section-color-overlay{\nopacity:0.5;\nbackground-color:#ffffff;\n}\n<\/style>\n<div id='av_section_2'  class='avia-section av-1isxd9-8d94debe34d621611fbbcd530a821e1d main_color avia-section-large avia-no-border-styling  avia-builder-el-6  el_after_av_section  avia-builder-el-last  avia-full-stretch avia-bg-style-scroll av-section-color-overlay-active av-minimum-height av-minimum-height-25 av-height-25  container_wrap fullsize'  data-section-bg-repeat='stretch' data-av_minimum_height_pc='25' data-av_min_height_opt='25'><div class=\"av-section-color-overlay-wrap\"><div class=\"av-section-color-overlay\"><\/div><div class='container av-section-cont-open' ><div class='template-page content  av-content-full alpha units'><div class='post-entry post-entry-type-page post-entry-892'><div class='entry-content-wrapper clearfix'>\n\n<style type=\"text\/css\" data-created_by=\"avia_inline_auto\" id=\"style-css-av-1agep1-da04d0de37c9c9babacfc94d85c8be03\">\n.flex_column.av-1agep1-da04d0de37c9c9babacfc94d85c8be03{\nborder-radius:0px 0px 0px 0px;\npadding:0px 0px 0px 0px;\n}\n<\/style>\n<div  class='flex_column av-1agep1-da04d0de37c9c9babacfc94d85c8be03 av_one_full  avia-builder-el-7  el_before_av_one_fourth  avia-builder-el-first  first flex_column_div av-zero-column-padding  '     ><style type=\"text\/css\" data-created_by=\"avia_inline_auto\" id=\"style-css-av-kbkhuuae-648c8af01b194bb56f6641d5cf9662e0\">\n#top .av-special-heading.av-kbkhuuae-648c8af01b194bb56f6641d5cf9662e0{\npadding-bottom:10px;\ncolor:#000000;\nfont-size:32px;\n}\nbody .av-special-heading.av-kbkhuuae-648c8af01b194bb56f6641d5cf9662e0 .av-special-heading-tag .heading-char{\nfont-size:25px;\n}\n#top #wrap_all .av-special-heading.av-kbkhuuae-648c8af01b194bb56f6641d5cf9662e0 .av-special-heading-tag{\nfont-size:32px;\n}\n.av-special-heading.av-kbkhuuae-648c8af01b194bb56f6641d5cf9662e0 .special-heading-inner-border{\nborder-color:#000000;\n}\n.av-special-heading.av-kbkhuuae-648c8af01b194bb56f6641d5cf9662e0 .av-subheading{\nfont-size:15px;\n}\n\n@media only screen and (min-width: 480px) and (max-width: 767px){ \n#top #wrap_all .av-special-heading.av-kbkhuuae-648c8af01b194bb56f6641d5cf9662e0 .av-special-heading-tag{\nfont-size:0.8em;\n}\n}\n\n@media only screen and (max-width: 479px){ \n#top #wrap_all .av-special-heading.av-kbkhuuae-648c8af01b194bb56f6641d5cf9662e0 .av-special-heading-tag{\nfont-size:0.8em;\n}\n}\n<\/style>\n<div  class='av-special-heading av-kbkhuuae-648c8af01b194bb56f6641d5cf9662e0 av-special-heading-h1 custom-color-heading blockquote modern-quote modern-centered  avia-builder-el-8  avia-builder-el-no-sibling  av-thin-font av-inherit-size'><h1 class='av-special-heading-tag '  itemprop=\"headline\"  >Do you want to keep up with news related to DAHSS?<br \/>\n<strong>Subscribe to our newsletter! <\/strong><\/h1><div class=\"special-heading-border\"><div class=\"special-heading-inner-border\"><\/div><\/div><\/div><\/div><div  class='flex_column av-op891-7ddacf397aae21c7fbd3e03f1b58c4e7 av_one_fourth  avia-builder-el-9  el_after_av_one_full  el_before_av_one_half  first flex_column_div  column-top-margin'     ><\/div>\n<style type=\"text\/css\" data-created_by=\"avia_inline_auto\" id=\"style-css-av-jw731-247be8fe12d9a5bbb6005df42064f019\">\n.flex_column.av-jw731-247be8fe12d9a5bbb6005df42064f019{\nborder-radius:0px 0px 0px 0px;\npadding:0px 0px 0px 0px;\n}\n<\/style>\n<div  class='flex_column av-jw731-247be8fe12d9a5bbb6005df42064f019 av_one_half  avia-builder-el-10  el_after_av_one_fourth  el_before_av_one_fourth  flex_column_div av-zero-column-padding  column-top-margin'     ><form action=\"https:\/\/dahss.iarthislab.eu\/2024\/participants\/\" method=\"post\"  data-av-custom-send='mailchimp_send'data-fields-with-error=\"Found errors in the following field(s):\" class=\"avia_ajax_form av-form-labels-visible   avia-builder-el-11  avia-builder-el-no-sibling  av-custom-form-color av-dark-form avia-mailchimp-form \" data-avia-form-id=\"1\" data-avia-redirect='' ><fieldset><p class='  first_form  form_element form_fullwidth' id='element_avia_0_1'><label for=\"avia_0_1\">Email Address <abbr class=\"required\" title=\"required\">*<\/abbr><\/label> <input name=\"avia_0_1\" class=\"text_input is_email\" type=\"text\" id=\"avia_0_1\" value=\"\" \/><\/p><p class='  first_form  form_element form_fullwidth' id='element_avia_1_1'><label for=\"avia_1_1\">First Name<\/label> <input name=\"avia_1_1\" class=\"text_input \" type=\"text\" id=\"avia_1_1\" value=\"\" \/><\/p><p class='  first_form  form_element form_fullwidth' id='element_avia_2_1'><label for=\"avia_2_1\">Last Name<\/label> <input name=\"avia_2_1\" class=\"text_input \" type=\"text\" id=\"avia_2_1\" value=\"\" \/><\/p><p class=' av_form_privacy_check av_mailchimp_privacy_check first_form  form_element form_fullwidth' id='element_avia_av_privacy_agreement_1'><input  name=\"avia_av_privacy_agreement_1\" class=\"input_checkbox is_empty\" type=\"checkbox\" id=\"avia_av_privacy_agreement_1\" value=\"true\"\/><label class=\"input_checkbox_label\" for=\"avia_av_privacy_agreement_1\">I agree to the terms and conditions laid out in the <a href='https:\/\/dahss.iarthislab.eu\/2024\/cookies-policy\/' target='_blank'>Privacy Policy<\/a> <abbr class=\"required\" title=\"required\">*<\/abbr><\/label><\/p><p class=\"form_element  first_form  form_element form_fullwidth av-last-visible-form-element modified_width\"><input type=\"hidden\" value=\"1\" name=\"avia_generated_form1\" \/><input type=\"submit\" value=\"Subscribe\" class=\"button\"  data-sending-label=\"Sending\"\/><\/p><p class=\"hidden\"><input type=\"text\" name=\"avia_avia_username_1\" class=\"hidden \" id=\"avia_avia_username_1\" value=\"\" \/><\/p><\/fieldset><\/form><div id=\"ajaxresponse_1\" class=\"ajaxresponse ajaxresponse_1 hidden\"><\/div><\/div>\n<style type=\"text\/css\" data-created_by=\"avia_inline_auto\" id=\"style-css-av-b5bfp-88e2392fea00569b2195a6c90ae84fd1\">\n.flex_column.av-b5bfp-88e2392fea00569b2195a6c90ae84fd1{\nborder-radius:0px 0px 0px 0px;\npadding:0px 0px 0px 0px;\n}\n<\/style>\n<div  class='flex_column av-b5bfp-88e2392fea00569b2195a6c90ae84fd1 av_one_fourth  avia-builder-el-12  el_after_av_one_half  avia-builder-el-last  flex_column_div av-zero-column-padding  column-top-margin'     ><\/div>\n<\/p>\n","protected":false},"excerpt":{"rendered":"","protected":false},"author":7,"featured_media":0,"parent":0,"menu_order":2,"comment_status":"closed","ping_status":"closed","template":"","meta":{"footnotes":""},"class_list":["post-892","page","type-page","status-publish","hentry"],"_links":{"self":[{"href":"https:\/\/dahss.iarthislab.eu\/2024\/wp-json\/wp\/v2\/pages\/892","targetHints":{"allow":["GET"]}}],"collection":[{"href":"https:\/\/dahss.iarthislab.eu\/2024\/wp-json\/wp\/v2\/pages"}],"about":[{"href":"https:\/\/dahss.iarthislab.eu\/2024\/wp-json\/wp\/v2\/types\/page"}],"author":[{"embeddable":true,"href":"https:\/\/dahss.iarthislab.eu\/2024\/wp-json\/wp\/v2\/users\/7"}],"replies":[{"embeddable":true,"href":"https:\/\/dahss.iarthislab.eu\/2024\/wp-json\/wp\/v2\/comments?post=892"}],"version-history":[{"count":5,"href":"https:\/\/dahss.iarthislab.eu\/2024\/wp-json\/wp\/v2\/pages\/892\/revisions"}],"predecessor-version":[{"id":3962,"href":"https:\/\/dahss.iarthislab.eu\/2024\/wp-json\/wp\/v2\/pages\/892\/revisions\/3962"}],"wp:attachment":[{"href":"https:\/\/dahss.iarthislab.eu\/2024\/wp-json\/wp\/v2\/media?parent=892"}],"curies":[{"name":"wp","href":"https:\/\/api.w.org\/{rel}","templated":true}]}}